{"id":164,"date":"2017-06-26T15:35:48","date_gmt":"2017-06-26T13:35:48","guid":{"rendered":"http:\/\/helzear.nexxpix.net\/?page_id=164\/"},"modified":"2017-06-28T11:22:58","modified_gmt":"2017-06-28T09:22:58","slug":"eine-verpflichtung","status":"publish","type":"page","link":"https:\/\/www.helzear.com\/de\/eine-verpflichtung\/","title":{"rendered":"Eine Verpflichtung"},"content":{"rendered":"<h1 style=\"text-align: center;\">Un engagement<\/h1>\n<p style=\"text-align: center;\">Nous nous voulons \u201cWir sehen uns als \u201eInitiatoren von Pariser Augenblicken\u201c.\u201c.<\/p>\n<p style=\"text-align: center;\">In den Helzear-Apartments erleben Sie Raffinesse und Eleganz bis ins kleinste Detail.<br \/>\nEine edle Verbindung von Tradition und Modernit\u00e4t, damit unsere G\u00e4ste au\u00dfergew\u00f6hnliche Augenblicke erleben.<br \/>\nDie Butler des Helzear-Butler-Service widmen sich mit Hingabe dem Wohlbefinden der G\u00e4ste.<br \/>\nSchnelligkeit und Diskretion werden bei uns ganz gro\u00df geschrieben.<br \/>\nSie haben es gef\u00fchlt: Unser einzigartiges Angebot verbindet den Service eines erstklassigen Hotels mit der M\u00f6glichkeit, zu den wenigen Bewohnern des Pariser Stadtzentrums zu geh\u00f6ren.<br \/>\nBei uns steht das kulturelle und historische Erbe unserer gro\u00dfartigen Stadt auf einer Ebene mit dem Verlangen unserer Besucher, etwas Besonderes zu erleben und sich mitten im Zeitgeschehen zu bewegen.<\/p>\n","protected":false},"excerpt":{"rendered":"<p>Un engagement Nous nous voulons \u201cWir sehen uns als \u201eInitiatoren von Pariser Augenblicken\u201c.\u201c. In den Helzear-Apartments erleben Sie Raffinesse und Eleganz bis ins kleinste Detail. Eine edle Verbindung von Tradition und Modernit\u00e4t, damit unsere G\u00e4ste au\u00dfergew\u00f6hnliche Augenblicke erleben. Die Butler des Helzear-Butler-Service widmen sich mit Hingabe dem Wohlbefinden der G\u00e4ste. Schnelligkeit und Diskretion werden bei&#8230;  <a href=\"https:\/\/www.helzear.com\/de\/eine-verpflichtung\/\" class=\"more-link\" title=\"Read Eine Verpflichtung\">Read more &raquo;<\/a><\/p>\n","protected":false},"author":1,"featured_media":927,"parent":0,"menu_order":0,"comment_status":"closed","ping_status":"closed","template":"","meta":{"footnotes":""},"class_list":["post-164","page","type-page","status-publish","has-post-thumbnail","hentry"],"yoast_head":"<!-- This site is optimized with the Yoast SEO plugin v27.4 - https:\/\/yoast.com\/product\/yoast-seo-wordpress\/ -->\n<title>Eine Verpflichtung - Helzear<\/title>\n<meta name=\"robots\" content=\"index, follow, max-snippet:-1, max-image-preview:large, max-video-preview:-1\" \/>\n<link rel=\"canonical\" href=\"https:\/\/www.helzear.com\/de\/eine-verpflichtung\/\" \/>\n<meta property=\"og:locale\" content=\"de_DE\" \/>\n<meta property=\"og:type\" content=\"article\" \/>\n<meta property=\"og:title\" content=\"Eine Verpflichtung - Helzear\" \/>\n<meta property=\"og:description\" content=\"Un engagement Nous nous voulons \u201cWir sehen uns als \u201eInitiatoren von Pariser Augenblicken\u201c.\u201c. In den Helzear-Apartments erleben Sie Raffinesse und Eleganz bis ins kleinste Detail. Eine edle Verbindung von Tradition und Modernit\u00e4t, damit unsere G\u00e4ste au\u00dfergew\u00f6hnliche Augenblicke erleben. Die Butler des Helzear-Butler-Service widmen sich mit Hingabe dem Wohlbefinden der G\u00e4ste. Schnelligkeit und Diskretion werden bei... Read more &raquo;\" \/>\n<meta property=\"og:url\" content=\"https:\/\/www.helzear.com\/de\/eine-verpflichtung\/\" \/>\n<meta property=\"og:site_name\" content=\"Helzear\" \/>\n<meta property=\"article:modified_time\" content=\"2017-06-28T09:22:58+00:00\" \/>\n<meta name=\"twitter:card\" content=\"summary_large_image\" \/>\n<meta name=\"twitter:label1\" content=\"Gesch\u00e4tzte Lesezeit\" \/>\n\t<meta name=\"twitter:data1\" content=\"1\u00a0Minute\" \/>\n<script type=\"application\/ld+json\" class=\"yoast-schema-graph\">{\"@context\":\"https:\\\/\\\/schema.org\",\"@graph\":[{\"@type\":\"WebPage\",\"@id\":\"https:\\\/\\\/www.helzear.com\\\/de\\\/eine-verpflichtung\\\/\",\"url\":\"https:\\\/\\\/www.helzear.com\\\/de\\\/eine-verpflichtung\\\/\",\"name\":\"Eine Verpflichtung - Helzear\",\"isPartOf\":{\"@id\":\"https:\\\/\\\/www.helzear.com\\\/de\\\/#website\"},\"primaryImageOfPage\":{\"@id\":\"https:\\\/\\\/www.helzear.com\\\/de\\\/eine-verpflichtung\\\/#primaryimage\"},\"image\":{\"@id\":\"https:\\\/\\\/www.helzear.com\\\/de\\\/eine-verpflichtung\\\/#primaryimage\"},\"thumbnailUrl\":\"https:\\\/\\\/www.helzear.com\\\/wp-content\\\/uploads\\\/2017\\\/05\\\/entree-marceau.jpg\",\"datePublished\":\"2017-06-26T13:35:48+00:00\",\"dateModified\":\"2017-06-28T09:22:58+00:00\",\"breadcrumb\":{\"@id\":\"https:\\\/\\\/www.helzear.com\\\/de\\\/eine-verpflichtung\\\/#breadcrumb\"},\"inLanguage\":\"de\",\"potentialAction\":[{\"@type\":\"ReadAction\",\"target\":[\"https:\\\/\\\/www.helzear.com\\\/de\\\/eine-verpflichtung\\\/\"]}]},{\"@type\":\"ImageObject\",\"inLanguage\":\"de\",\"@id\":\"https:\\\/\\\/www.helzear.com\\\/de\\\/eine-verpflichtung\\\/#primaryimage\",\"url\":\"https:\\\/\\\/www.helzear.com\\\/wp-content\\\/uploads\\\/2017\\\/05\\\/entree-marceau.jpg\",\"contentUrl\":\"https:\\\/\\\/www.helzear.com\\\/wp-content\\\/uploads\\\/2017\\\/05\\\/entree-marceau.jpg\",\"width\":4912,\"height\":5594},{\"@type\":\"BreadcrumbList\",\"@id\":\"https:\\\/\\\/www.helzear.com\\\/de\\\/eine-verpflichtung\\\/#breadcrumb\",\"itemListElement\":[{\"@type\":\"ListItem\",\"position\":1,\"name\":\"Home\",\"item\":\"https:\\\/\\\/www.helzear.com\\\/de\\\/\"},{\"@type\":\"ListItem\",\"position\":2,\"name\":\"Eine Verpflichtung\"}]},{\"@type\":\"WebSite\",\"@id\":\"https:\\\/\\\/www.helzear.com\\\/de\\\/#website\",\"url\":\"https:\\\/\\\/www.helzear.com\\\/de\\\/\",\"name\":\"Helzear\",\"description\":\"Suites &amp; hotels\",\"potentialAction\":[{\"@type\":\"SearchAction\",\"target\":{\"@type\":\"EntryPoint\",\"urlTemplate\":\"https:\\\/\\\/www.helzear.com\\\/de\\\/?s={search_term_string}\"},\"query-input\":{\"@type\":\"PropertyValueSpecification\",\"valueRequired\":true,\"valueName\":\"search_term_string\"}}],\"inLanguage\":\"de\"}]}<\/script>\n<!-- \/ Yoast SEO plugin. -->","yoast_head_json":{"title":"Eine Verpflichtung - Helzear","robots":{"index":"index","follow":"follow","max-snippet":"max-snippet:-1","max-image-preview":"max-image-preview:large","max-video-preview":"max-video-preview:-1"},"canonical":"https:\/\/www.helzear.com\/de\/eine-verpflichtung\/","og_locale":"de_DE","og_type":"article","og_title":"Eine Verpflichtung - Helzear","og_description":"Un engagement Nous nous voulons \u201cWir sehen uns als \u201eInitiatoren von Pariser Augenblicken\u201c.\u201c. In den Helzear-Apartments erleben Sie Raffinesse und Eleganz bis ins kleinste Detail. Eine edle Verbindung von Tradition und Modernit\u00e4t, damit unsere G\u00e4ste au\u00dfergew\u00f6hnliche Augenblicke erleben. Die Butler des Helzear-Butler-Service widmen sich mit Hingabe dem Wohlbefinden der G\u00e4ste. Schnelligkeit und Diskretion werden bei... Read more &raquo;","og_url":"https:\/\/www.helzear.com\/de\/eine-verpflichtung\/","og_site_name":"Helzear","article_modified_time":"2017-06-28T09:22:58+00:00","twitter_card":"summary_large_image","twitter_misc":{"Gesch\u00e4tzte Lesezeit":"1\u00a0Minute"},"schema":{"@context":"https:\/\/schema.org","@graph":[{"@type":"WebPage","@id":"https:\/\/www.helzear.com\/de\/eine-verpflichtung\/","url":"https:\/\/www.helzear.com\/de\/eine-verpflichtung\/","name":"Eine Verpflichtung - Helzear","isPartOf":{"@id":"https:\/\/www.helzear.com\/de\/#website"},"primaryImageOfPage":{"@id":"https:\/\/www.helzear.com\/de\/eine-verpflichtung\/#primaryimage"},"image":{"@id":"https:\/\/www.helzear.com\/de\/eine-verpflichtung\/#primaryimage"},"thumbnailUrl":"https:\/\/www.helzear.com\/wp-content\/uploads\/2017\/05\/entree-marceau.jpg","datePublished":"2017-06-26T13:35:48+00:00","dateModified":"2017-06-28T09:22:58+00:00","breadcrumb":{"@id":"https:\/\/www.helzear.com\/de\/eine-verpflichtung\/#breadcrumb"},"inLanguage":"de","potentialAction":[{"@type":"ReadAction","target":["https:\/\/www.helzear.com\/de\/eine-verpflichtung\/"]}]},{"@type":"ImageObject","inLanguage":"de","@id":"https:\/\/www.helzear.com\/de\/eine-verpflichtung\/#primaryimage","url":"https:\/\/www.helzear.com\/wp-content\/uploads\/2017\/05\/entree-marceau.jpg","contentUrl":"https:\/\/www.helzear.com\/wp-content\/uploads\/2017\/05\/entree-marceau.jpg","width":4912,"height":5594},{"@type":"BreadcrumbList","@id":"https:\/\/www.helzear.com\/de\/eine-verpflichtung\/#breadcrumb","itemListElement":[{"@type":"ListItem","position":1,"name":"Home","item":"https:\/\/www.helzear.com\/de\/"},{"@type":"ListItem","position":2,"name":"Eine Verpflichtung"}]},{"@type":"WebSite","@id":"https:\/\/www.helzear.com\/de\/#website","url":"https:\/\/www.helzear.com\/de\/","name":"Helzear","description":"Suites &amp; hotels","potentialAction":[{"@type":"SearchAction","target":{"@type":"EntryPoint","urlTemplate":"https:\/\/www.helzear.com\/de\/?s={search_term_string}"},"query-input":{"@type":"PropertyValueSpecification","valueRequired":true,"valueName":"search_term_string"}}],"inLanguage":"de"}]}},"_links":{"self":[{"href":"https:\/\/www.helzear.com\/de\/wp-json\/wp\/v2\/pages\/164","targetHints":{"allow":["GET"]}}],"collection":[{"href":"https:\/\/www.helzear.com\/de\/wp-json\/wp\/v2\/pages"}],"about":[{"href":"https:\/\/www.helzear.com\/de\/wp-json\/wp\/v2\/types\/page"}],"author":[{"embeddable":true,"href":"https:\/\/www.helzear.com\/de\/wp-json\/wp\/v2\/users\/1"}],"replies":[{"embeddable":true,"href":"https:\/\/www.helzear.com\/de\/wp-json\/wp\/v2\/comments?post=164"}],"version-history":[{"count":0,"href":"https:\/\/www.helzear.com\/de\/wp-json\/wp\/v2\/pages\/164\/revisions"}],"wp:featuredmedia":[{"embeddable":true,"href":"https:\/\/www.helzear.com\/de\/wp-json\/wp\/v2\/media\/927"}],"wp:attachment":[{"href":"https:\/\/www.helzear.com\/de\/wp-json\/wp\/v2\/media?parent=164"}],"curies":[{"name":"wp","href":"https:\/\/api.w.org\/{rel}","templated":true}]}}