{"id":165,"date":"2017-06-26T15:37:45","date_gmt":"2017-06-26T13:37:45","guid":{"rendered":"http:\/\/helzear.nexxpix.net\/?page_id=165\/"},"modified":"2017-06-28T11:34:06","modified_gmt":"2017-06-28T09:34:06","slug":"eine-geschichte","status":"publish","type":"page","link":"https:\/\/www.helzear.com\/de\/eine-geschichte\/","title":{"rendered":"Eine Geschichte"},"content":{"rendered":"<h1 style=\"text-align: center;\">Eine Geschichte<\/h1>\n<p style=\"text-align: center;\">Das Helzear-Abenteuer begann 2008.<\/p>\n<p style=\"text-align: center;\">Timoth\u00e9e de Courcy gr\u00fcndete das Maison Helzear und erfand ein neuartiges Hotelkonzept : ein einzigartiges Angebot, das den Service eines Luxushotels mit der M\u00f6glichkeit verbindet, in einem geschmackvoll eingerichteten Apartment mit Charakter mitten in Paris zu wohnen.<\/p>\n<p style=\"text-align: center;\">Anfangs, im Jahre 2009, hatte Helzear nur einige Apartments in der Rue du Faubourg Saint Honor\u00e9 und inmitten des Quartier Montorgueil. Der Erfolg lie\u00df nicht lange auf sich warten. Heute bietet Helzear 50 Apartments an zwei Adressen: Helzear Champs-Elys\u00e9es und Helzear Montparnasse Rive Gauche.<\/p>\n<p style=\"text-align: center;\">Maison Helzear er\u00f6ffnet 2017 eine neue Adresse im exklusiven 8. Arrondissement von Paris: Helzear Etoile in der Rue Christophe Colomb.<\/p>\n","protected":false},"excerpt":{"rendered":"<p>Eine Geschichte Das Helzear-Abenteuer begann 2008. Timoth\u00e9e de Courcy gr\u00fcndete das Maison Helzear und erfand ein neuartiges Hotelkonzept : ein einzigartiges Angebot, das den Service eines Luxushotels mit der M\u00f6glichkeit verbindet, in einem geschmackvoll eingerichteten Apartment mit Charakter mitten in Paris zu wohnen. Anfangs, im Jahre 2009, hatte Helzear nur einige Apartments in der Rue&#8230;  <a href=\"https:\/\/www.helzear.com\/de\/eine-geschichte\/\" class=\"more-link\" title=\"Read Eine Geschichte\">Read more &raquo;<\/a><\/p>\n","protected":false},"author":1,"featured_media":923,"parent":0,"menu_order":0,"comment_status":"closed","ping_status":"closed","template":"","meta":{"footnotes":""},"class_list":["post-165","page","type-page","status-publish","has-post-thumbnail","hentry"],"yoast_head":"<!-- This site is optimized with the Yoast SEO plugin v27.5 - https:\/\/yoast.com\/product\/yoast-seo-wordpress\/ -->\n<title>Eine Geschichte - Helzear<\/title>\n<meta name=\"robots\" content=\"index, follow, max-snippet:-1, max-image-preview:large, max-video-preview:-1\" \/>\n<link rel=\"canonical\" href=\"https:\/\/www.helzear.com\/de\/eine-geschichte\/\" \/>\n<meta property=\"og:locale\" content=\"de_DE\" \/>\n<meta property=\"og:type\" content=\"article\" \/>\n<meta property=\"og:title\" content=\"Eine Geschichte - Helzear\" \/>\n<meta property=\"og:description\" content=\"Eine Geschichte Das Helzear-Abenteuer begann 2008. Timoth\u00e9e de Courcy gr\u00fcndete das Maison Helzear und erfand ein neuartiges Hotelkonzept : ein einzigartiges Angebot, das den Service eines Luxushotels mit der M\u00f6glichkeit verbindet, in einem geschmackvoll eingerichteten Apartment mit Charakter mitten in Paris zu wohnen. Anfangs, im Jahre 2009, hatte Helzear nur einige Apartments in der Rue... Read more &raquo;\" \/>\n<meta property=\"og:url\" content=\"https:\/\/www.helzear.com\/de\/eine-geschichte\/\" \/>\n<meta property=\"og:site_name\" content=\"Helzear\" \/>\n<meta property=\"article:modified_time\" content=\"2017-06-28T09:34:06+00:00\" \/>\n<meta name=\"twitter:card\" content=\"summary_large_image\" \/>\n<meta name=\"twitter:label1\" content=\"Gesch\u00e4tzte Lesezeit\" \/>\n\t<meta name=\"twitter:data1\" content=\"1\u00a0Minute\" \/>\n<script type=\"application\/ld+json\" class=\"yoast-schema-graph\">{\"@context\":\"https:\\\/\\\/schema.org\",\"@graph\":[{\"@type\":\"WebPage\",\"@id\":\"https:\\\/\\\/www.helzear.com\\\/de\\\/eine-geschichte\\\/\",\"url\":\"https:\\\/\\\/www.helzear.com\\\/de\\\/eine-geschichte\\\/\",\"name\":\"Eine Geschichte - Helzear\",\"isPartOf\":{\"@id\":\"https:\\\/\\\/www.helzear.com\\\/de\\\/#website\"},\"primaryImageOfPage\":{\"@id\":\"https:\\\/\\\/www.helzear.com\\\/de\\\/eine-geschichte\\\/#primaryimage\"},\"image\":{\"@id\":\"https:\\\/\\\/www.helzear.com\\\/de\\\/eine-geschichte\\\/#primaryimage\"},\"thumbnailUrl\":\"https:\\\/\\\/www.helzear.com\\\/wp-content\\\/uploads\\\/2017\\\/05\\\/MARCEAU-terrasse-33.jpg\",\"datePublished\":\"2017-06-26T13:37:45+00:00\",\"dateModified\":\"2017-06-28T09:34:06+00:00\",\"breadcrumb\":{\"@id\":\"https:\\\/\\\/www.helzear.com\\\/de\\\/eine-geschichte\\\/#breadcrumb\"},\"inLanguage\":\"de\",\"potentialAction\":[{\"@type\":\"ReadAction\",\"target\":[\"https:\\\/\\\/www.helzear.com\\\/de\\\/eine-geschichte\\\/\"]}]},{\"@type\":\"ImageObject\",\"inLanguage\":\"de\",\"@id\":\"https:\\\/\\\/www.helzear.com\\\/de\\\/eine-geschichte\\\/#primaryimage\",\"url\":\"https:\\\/\\\/www.helzear.com\\\/wp-content\\\/uploads\\\/2017\\\/05\\\/MARCEAU-terrasse-33.jpg\",\"contentUrl\":\"https:\\\/\\\/www.helzear.com\\\/wp-content\\\/uploads\\\/2017\\\/05\\\/MARCEAU-terrasse-33.jpg\",\"width\":3902,\"height\":4660},{\"@type\":\"BreadcrumbList\",\"@id\":\"https:\\\/\\\/www.helzear.com\\\/de\\\/eine-geschichte\\\/#breadcrumb\",\"itemListElement\":[{\"@type\":\"ListItem\",\"position\":1,\"name\":\"Home\",\"item\":\"https:\\\/\\\/www.helzear.com\\\/de\\\/\"},{\"@type\":\"ListItem\",\"position\":2,\"name\":\"Eine Geschichte\"}]},{\"@type\":\"WebSite\",\"@id\":\"https:\\\/\\\/www.helzear.com\\\/de\\\/#website\",\"url\":\"https:\\\/\\\/www.helzear.com\\\/de\\\/\",\"name\":\"Helzear\",\"description\":\"Suites &amp; hotels\",\"potentialAction\":[{\"@type\":\"SearchAction\",\"target\":{\"@type\":\"EntryPoint\",\"urlTemplate\":\"https:\\\/\\\/www.helzear.com\\\/de\\\/?s={search_term_string}\"},\"query-input\":{\"@type\":\"PropertyValueSpecification\",\"valueRequired\":true,\"valueName\":\"search_term_string\"}}],\"inLanguage\":\"de\"}]}<\/script>\n<!-- \/ Yoast SEO plugin. -->","yoast_head_json":{"title":"Eine Geschichte - Helzear","robots":{"index":"index","follow":"follow","max-snippet":"max-snippet:-1","max-image-preview":"max-image-preview:large","max-video-preview":"max-video-preview:-1"},"canonical":"https:\/\/www.helzear.com\/de\/eine-geschichte\/","og_locale":"de_DE","og_type":"article","og_title":"Eine Geschichte - Helzear","og_description":"Eine Geschichte Das Helzear-Abenteuer begann 2008. Timoth\u00e9e de Courcy gr\u00fcndete das Maison Helzear und erfand ein neuartiges Hotelkonzept : ein einzigartiges Angebot, das den Service eines Luxushotels mit der M\u00f6glichkeit verbindet, in einem geschmackvoll eingerichteten Apartment mit Charakter mitten in Paris zu wohnen. Anfangs, im Jahre 2009, hatte Helzear nur einige Apartments in der Rue... Read more &raquo;","og_url":"https:\/\/www.helzear.com\/de\/eine-geschichte\/","og_site_name":"Helzear","article_modified_time":"2017-06-28T09:34:06+00:00","twitter_card":"summary_large_image","twitter_misc":{"Gesch\u00e4tzte Lesezeit":"1\u00a0Minute"},"schema":{"@context":"https:\/\/schema.org","@graph":[{"@type":"WebPage","@id":"https:\/\/www.helzear.com\/de\/eine-geschichte\/","url":"https:\/\/www.helzear.com\/de\/eine-geschichte\/","name":"Eine Geschichte - Helzear","isPartOf":{"@id":"https:\/\/www.helzear.com\/de\/#website"},"primaryImageOfPage":{"@id":"https:\/\/www.helzear.com\/de\/eine-geschichte\/#primaryimage"},"image":{"@id":"https:\/\/www.helzear.com\/de\/eine-geschichte\/#primaryimage"},"thumbnailUrl":"https:\/\/www.helzear.com\/wp-content\/uploads\/2017\/05\/MARCEAU-terrasse-33.jpg","datePublished":"2017-06-26T13:37:45+00:00","dateModified":"2017-06-28T09:34:06+00:00","breadcrumb":{"@id":"https:\/\/www.helzear.com\/de\/eine-geschichte\/#breadcrumb"},"inLanguage":"de","potentialAction":[{"@type":"ReadAction","target":["https:\/\/www.helzear.com\/de\/eine-geschichte\/"]}]},{"@type":"ImageObject","inLanguage":"de","@id":"https:\/\/www.helzear.com\/de\/eine-geschichte\/#primaryimage","url":"https:\/\/www.helzear.com\/wp-content\/uploads\/2017\/05\/MARCEAU-terrasse-33.jpg","contentUrl":"https:\/\/www.helzear.com\/wp-content\/uploads\/2017\/05\/MARCEAU-terrasse-33.jpg","width":3902,"height":4660},{"@type":"BreadcrumbList","@id":"https:\/\/www.helzear.com\/de\/eine-geschichte\/#breadcrumb","itemListElement":[{"@type":"ListItem","position":1,"name":"Home","item":"https:\/\/www.helzear.com\/de\/"},{"@type":"ListItem","position":2,"name":"Eine Geschichte"}]},{"@type":"WebSite","@id":"https:\/\/www.helzear.com\/de\/#website","url":"https:\/\/www.helzear.com\/de\/","name":"Helzear","description":"Suites &amp; hotels","potentialAction":[{"@type":"SearchAction","target":{"@type":"EntryPoint","urlTemplate":"https:\/\/www.helzear.com\/de\/?s={search_term_string}"},"query-input":{"@type":"PropertyValueSpecification","valueRequired":true,"valueName":"search_term_string"}}],"inLanguage":"de"}]}},"_links":{"self":[{"href":"https:\/\/www.helzear.com\/de\/wp-json\/wp\/v2\/pages\/165","targetHints":{"allow":["GET"]}}],"collection":[{"href":"https:\/\/www.helzear.com\/de\/wp-json\/wp\/v2\/pages"}],"about":[{"href":"https:\/\/www.helzear.com\/de\/wp-json\/wp\/v2\/types\/page"}],"author":[{"embeddable":true,"href":"https:\/\/www.helzear.com\/de\/wp-json\/wp\/v2\/users\/1"}],"replies":[{"embeddable":true,"href":"https:\/\/www.helzear.com\/de\/wp-json\/wp\/v2\/comments?post=165"}],"version-history":[{"count":0,"href":"https:\/\/www.helzear.com\/de\/wp-json\/wp\/v2\/pages\/165\/revisions"}],"wp:featuredmedia":[{"embeddable":true,"href":"https:\/\/www.helzear.com\/de\/wp-json\/wp\/v2\/media\/923"}],"wp:attachment":[{"href":"https:\/\/www.helzear.com\/de\/wp-json\/wp\/v2\/media?parent=165"}],"curies":[{"name":"wp","href":"https:\/\/api.w.org\/{rel}","templated":true}]}}