{"id":192,"date":"2017-06-27T09:23:53","date_gmt":"2017-06-27T07:23:53","guid":{"rendered":"http:\/\/helzear.nexxpix.net\/?page_id=192\/"},"modified":"2017-06-28T11:23:33","modified_gmt":"2017-06-28T09:23:33","slug":"un-compromiso","status":"publish","type":"page","link":"https:\/\/www.helzear.com\/es\/un-compromiso\/","title":{"rendered":"Un compromiso"},"content":{"rendered":"<h1 style=\"text-align: center;\">Un compromiso<\/h1>\n<p style=\"text-align: center;\">Nos consideramos \u201ccreadores de momentos parisienses \u201c.<\/p>\n<p style=\"text-align: center;\">En los apartamentos Helzear, el refinamiento y la elegancia est\u00e1n presentes en los m\u00e1s m\u00ednimos detalles.<br \/>\nTradici\u00f3n y modernidad se a\u00fanan con fineza para que nuestros hu\u00e9spedes vivan all\u00ed momentos de excepci\u00f3n.<br \/>\nEl equipo anfitri\u00f3n Helzear se dedica en cuerpo y alma al bienestar de sus hu\u00e9spedes.<br \/>\nLa rapidez y la discreci\u00f3n son las palabras clave.<br \/>\nComo ya se habr\u00e1 dado cuenta, nuestra oferta \u00fanica asocia los servicios de un hotel de prestigio y la posibilidad de formar parte de los pocos habitantes del coraz\u00f3n de Par\u00eds.<br \/>\nConsideramos que el patrimonio cultural e hist\u00f3rico de nuestra majestuosa ciudad debe transformarse en un deseo de emoci\u00f3n, curiosidad y actualidad de nuestros visitantes.<\/p>\n","protected":false},"excerpt":{"rendered":"<p>Un compromiso Nos consideramos \u201ccreadores de momentos parisienses \u201c. En los apartamentos Helzear, el refinamiento y la elegancia est\u00e1n presentes en los m\u00e1s m\u00ednimos detalles. Tradici\u00f3n y modernidad se a\u00fanan con fineza para que nuestros hu\u00e9spedes vivan all\u00ed momentos de excepci\u00f3n. El equipo anfitri\u00f3n Helzear se dedica en cuerpo y alma al bienestar de sus&#8230;  <a href=\"https:\/\/www.helzear.com\/es\/un-compromiso\/\" class=\"more-link\" title=\"Read Un compromiso\">Read more &raquo;<\/a><\/p>\n","protected":false},"author":1,"featured_media":929,"parent":0,"menu_order":0,"comment_status":"closed","ping_status":"closed","template":"","meta":{"footnotes":""},"class_list":["post-192","page","type-page","status-publish","has-post-thumbnail","hentry"],"yoast_head":"<!-- This site is optimized with the Yoast SEO plugin v27.5 - https:\/\/yoast.com\/product\/yoast-seo-wordpress\/ -->\n<title>Un compromiso - Helzear<\/title>\n<meta name=\"robots\" content=\"index, follow, max-snippet:-1, max-image-preview:large, max-video-preview:-1\" \/>\n<link rel=\"canonical\" href=\"https:\/\/www.helzear.com\/es\/un-compromiso\/\" \/>\n<meta property=\"og:locale\" content=\"es_ES\" \/>\n<meta property=\"og:type\" content=\"article\" \/>\n<meta property=\"og:title\" content=\"Un compromiso - Helzear\" \/>\n<meta property=\"og:description\" content=\"Un compromiso Nos consideramos \u201ccreadores de momentos parisienses \u201c. En los apartamentos Helzear, el refinamiento y la elegancia est\u00e1n presentes en los m\u00e1s m\u00ednimos detalles. Tradici\u00f3n y modernidad se a\u00fanan con fineza para que nuestros hu\u00e9spedes vivan all\u00ed momentos de excepci\u00f3n. El equipo anfitri\u00f3n Helzear se dedica en cuerpo y alma al bienestar de sus... Read more &raquo;\" \/>\n<meta property=\"og:url\" content=\"https:\/\/www.helzear.com\/es\/un-compromiso\/\" \/>\n<meta property=\"og:site_name\" content=\"Helzear\" \/>\n<meta property=\"article:modified_time\" content=\"2017-06-28T09:23:33+00:00\" \/>\n<meta name=\"twitter:card\" content=\"summary_large_image\" \/>\n<meta name=\"twitter:label1\" content=\"Tiempo de lectura\" \/>\n\t<meta name=\"twitter:data1\" content=\"1 minuto\" \/>\n<script type=\"application\/ld+json\" class=\"yoast-schema-graph\">{\"@context\":\"https:\\\/\\\/schema.org\",\"@graph\":[{\"@type\":\"WebPage\",\"@id\":\"https:\\\/\\\/www.helzear.com\\\/es\\\/un-compromiso\\\/\",\"url\":\"https:\\\/\\\/www.helzear.com\\\/es\\\/un-compromiso\\\/\",\"name\":\"Un compromiso - Helzear\",\"isPartOf\":{\"@id\":\"https:\\\/\\\/www.helzear.com\\\/es\\\/#website\"},\"primaryImageOfPage\":{\"@id\":\"https:\\\/\\\/www.helzear.com\\\/es\\\/un-compromiso\\\/#primaryimage\"},\"image\":{\"@id\":\"https:\\\/\\\/www.helzear.com\\\/es\\\/un-compromiso\\\/#primaryimage\"},\"thumbnailUrl\":\"https:\\\/\\\/www.helzear.com\\\/wp-content\\\/uploads\\\/2017\\\/05\\\/entree-marceau.jpg\",\"datePublished\":\"2017-06-27T07:23:53+00:00\",\"dateModified\":\"2017-06-28T09:23:33+00:00\",\"breadcrumb\":{\"@id\":\"https:\\\/\\\/www.helzear.com\\\/es\\\/un-compromiso\\\/#breadcrumb\"},\"inLanguage\":\"es\",\"potentialAction\":[{\"@type\":\"ReadAction\",\"target\":[\"https:\\\/\\\/www.helzear.com\\\/es\\\/un-compromiso\\\/\"]}]},{\"@type\":\"ImageObject\",\"inLanguage\":\"es\",\"@id\":\"https:\\\/\\\/www.helzear.com\\\/es\\\/un-compromiso\\\/#primaryimage\",\"url\":\"https:\\\/\\\/www.helzear.com\\\/wp-content\\\/uploads\\\/2017\\\/05\\\/entree-marceau.jpg\",\"contentUrl\":\"https:\\\/\\\/www.helzear.com\\\/wp-content\\\/uploads\\\/2017\\\/05\\\/entree-marceau.jpg\",\"width\":4912,\"height\":5594},{\"@type\":\"BreadcrumbList\",\"@id\":\"https:\\\/\\\/www.helzear.com\\\/es\\\/un-compromiso\\\/#breadcrumb\",\"itemListElement\":[{\"@type\":\"ListItem\",\"position\":1,\"name\":\"Home\",\"item\":\"https:\\\/\\\/www.helzear.com\\\/es\\\/\"},{\"@type\":\"ListItem\",\"position\":2,\"name\":\"Un compromiso\"}]},{\"@type\":\"WebSite\",\"@id\":\"https:\\\/\\\/www.helzear.com\\\/es\\\/#website\",\"url\":\"https:\\\/\\\/www.helzear.com\\\/es\\\/\",\"name\":\"Helzear\",\"description\":\"Suites &amp; hotels\",\"potentialAction\":[{\"@type\":\"SearchAction\",\"target\":{\"@type\":\"EntryPoint\",\"urlTemplate\":\"https:\\\/\\\/www.helzear.com\\\/es\\\/?s={search_term_string}\"},\"query-input\":{\"@type\":\"PropertyValueSpecification\",\"valueRequired\":true,\"valueName\":\"search_term_string\"}}],\"inLanguage\":\"es\"}]}<\/script>\n<!-- \/ Yoast SEO plugin. -->","yoast_head_json":{"title":"Un compromiso - Helzear","robots":{"index":"index","follow":"follow","max-snippet":"max-snippet:-1","max-image-preview":"max-image-preview:large","max-video-preview":"max-video-preview:-1"},"canonical":"https:\/\/www.helzear.com\/es\/un-compromiso\/","og_locale":"es_ES","og_type":"article","og_title":"Un compromiso - Helzear","og_description":"Un compromiso Nos consideramos \u201ccreadores de momentos parisienses \u201c. En los apartamentos Helzear, el refinamiento y la elegancia est\u00e1n presentes en los m\u00e1s m\u00ednimos detalles. Tradici\u00f3n y modernidad se a\u00fanan con fineza para que nuestros hu\u00e9spedes vivan all\u00ed momentos de excepci\u00f3n. El equipo anfitri\u00f3n Helzear se dedica en cuerpo y alma al bienestar de sus... Read more &raquo;","og_url":"https:\/\/www.helzear.com\/es\/un-compromiso\/","og_site_name":"Helzear","article_modified_time":"2017-06-28T09:23:33+00:00","twitter_card":"summary_large_image","twitter_misc":{"Tiempo de lectura":"1 minuto"},"schema":{"@context":"https:\/\/schema.org","@graph":[{"@type":"WebPage","@id":"https:\/\/www.helzear.com\/es\/un-compromiso\/","url":"https:\/\/www.helzear.com\/es\/un-compromiso\/","name":"Un compromiso - Helzear","isPartOf":{"@id":"https:\/\/www.helzear.com\/es\/#website"},"primaryImageOfPage":{"@id":"https:\/\/www.helzear.com\/es\/un-compromiso\/#primaryimage"},"image":{"@id":"https:\/\/www.helzear.com\/es\/un-compromiso\/#primaryimage"},"thumbnailUrl":"https:\/\/www.helzear.com\/wp-content\/uploads\/2017\/05\/entree-marceau.jpg","datePublished":"2017-06-27T07:23:53+00:00","dateModified":"2017-06-28T09:23:33+00:00","breadcrumb":{"@id":"https:\/\/www.helzear.com\/es\/un-compromiso\/#breadcrumb"},"inLanguage":"es","potentialAction":[{"@type":"ReadAction","target":["https:\/\/www.helzear.com\/es\/un-compromiso\/"]}]},{"@type":"ImageObject","inLanguage":"es","@id":"https:\/\/www.helzear.com\/es\/un-compromiso\/#primaryimage","url":"https:\/\/www.helzear.com\/wp-content\/uploads\/2017\/05\/entree-marceau.jpg","contentUrl":"https:\/\/www.helzear.com\/wp-content\/uploads\/2017\/05\/entree-marceau.jpg","width":4912,"height":5594},{"@type":"BreadcrumbList","@id":"https:\/\/www.helzear.com\/es\/un-compromiso\/#breadcrumb","itemListElement":[{"@type":"ListItem","position":1,"name":"Home","item":"https:\/\/www.helzear.com\/es\/"},{"@type":"ListItem","position":2,"name":"Un compromiso"}]},{"@type":"WebSite","@id":"https:\/\/www.helzear.com\/es\/#website","url":"https:\/\/www.helzear.com\/es\/","name":"Helzear","description":"Suites &amp; hotels","potentialAction":[{"@type":"SearchAction","target":{"@type":"EntryPoint","urlTemplate":"https:\/\/www.helzear.com\/es\/?s={search_term_string}"},"query-input":{"@type":"PropertyValueSpecification","valueRequired":true,"valueName":"search_term_string"}}],"inLanguage":"es"}]}},"_links":{"self":[{"href":"https:\/\/www.helzear.com\/es\/wp-json\/wp\/v2\/pages\/192","targetHints":{"allow":["GET"]}}],"collection":[{"href":"https:\/\/www.helzear.com\/es\/wp-json\/wp\/v2\/pages"}],"about":[{"href":"https:\/\/www.helzear.com\/es\/wp-json\/wp\/v2\/types\/page"}],"author":[{"embeddable":true,"href":"https:\/\/www.helzear.com\/es\/wp-json\/wp\/v2\/users\/1"}],"replies":[{"embeddable":true,"href":"https:\/\/www.helzear.com\/es\/wp-json\/wp\/v2\/comments?post=192"}],"version-history":[{"count":0,"href":"https:\/\/www.helzear.com\/es\/wp-json\/wp\/v2\/pages\/192\/revisions"}],"wp:featuredmedia":[{"embeddable":true,"href":"https:\/\/www.helzear.com\/es\/wp-json\/wp\/v2\/media\/929"}],"wp:attachment":[{"href":"https:\/\/www.helzear.com\/es\/wp-json\/wp\/v2\/media?parent=192"}],"curies":[{"name":"wp","href":"https:\/\/api.w.org\/{rel}","templated":true}]}}