{"id":193,"date":"2017-06-27T09:25:44","date_gmt":"2017-06-27T07:25:44","guid":{"rendered":"http:\/\/helzear.nexxpix.net\/?page_id=193\/"},"modified":"2017-06-28T11:34:41","modified_gmt":"2017-06-28T09:34:41","slug":"una-historia","status":"publish","type":"page","link":"https:\/\/www.helzear.com\/es\/una-historia\/","title":{"rendered":"Una historia"},"content":{"rendered":"<h1 style=\"text-align: center;\">Una historia<\/h1>\n<p style=\"text-align: center;\">Fue en 2008 cuando comenz\u00f3 la aventura Helzear.<\/p>\n<p style=\"text-align: center;\">Timoth\u00e9e de Courcy funda la Casa Helzear e inventa una hosteler\u00eda de un nuevo g\u00e9nero: una oferta \u00fanica que asocia los servicios de un gran hotel y la posibilidad de vivir en un apartamento de car\u00e1cter, decorado con esmero en el centro de la capital: Par\u00eds.<\/p>\n<p style=\"text-align: center;\">Al principio, en 2009, Helzear s\u00f3lo dispon\u00eda de unos cuantos apartamentos: rue du Faubourg Saint Honor\u00e9 y en pleno centro del barrio Montorgueil. Muy pronto, lleg\u00f3 el \u00e9xito. En la actualidad, Helzear ofrece 50 apartamentos distribuidos en sus dos establecimientos: Helzear Champs-Elys\u00e9es et Helzear Montparnasse Rive Gauche.<\/p>\n<p style=\"text-align: center;\">La Casa Helzear abre en 2017 una nueva direcci\u00f3n en el prestigioso 8\u00ba distrito de Par\u00eds: Helzear Etoile, rue Christophe Colomb<\/p>\n","protected":false},"excerpt":{"rendered":"<p>Una historia Fue en 2008 cuando comenz\u00f3 la aventura Helzear. Timoth\u00e9e de Courcy funda la Casa Helzear e inventa una hosteler\u00eda de un nuevo g\u00e9nero: una oferta \u00fanica que asocia los servicios de un gran hotel y la posibilidad de vivir en un apartamento de car\u00e1cter, decorado con esmero en el centro de la capital:&#8230;  <a href=\"https:\/\/www.helzear.com\/es\/una-historia\/\" class=\"more-link\" title=\"Read Una historia\">Read more &raquo;<\/a><\/p>\n","protected":false},"author":1,"featured_media":925,"parent":0,"menu_order":0,"comment_status":"closed","ping_status":"closed","template":"","meta":{"footnotes":""},"class_list":["post-193","page","type-page","status-publish","has-post-thumbnail","hentry"],"yoast_head":"<!-- This site is optimized with the Yoast SEO plugin v27.5 - https:\/\/yoast.com\/product\/yoast-seo-wordpress\/ -->\n<title>Una historia - Helzear<\/title>\n<meta name=\"robots\" content=\"index, follow, max-snippet:-1, max-image-preview:large, max-video-preview:-1\" \/>\n<link rel=\"canonical\" href=\"https:\/\/www.helzear.com\/es\/una-historia\/\" \/>\n<meta property=\"og:locale\" content=\"es_ES\" \/>\n<meta property=\"og:type\" content=\"article\" \/>\n<meta property=\"og:title\" content=\"Una historia - Helzear\" \/>\n<meta property=\"og:description\" content=\"Una historia Fue en 2008 cuando comenz\u00f3 la aventura Helzear. Timoth\u00e9e de Courcy funda la Casa Helzear e inventa una hosteler\u00eda de un nuevo g\u00e9nero: una oferta \u00fanica que asocia los servicios de un gran hotel y la posibilidad de vivir en un apartamento de car\u00e1cter, decorado con esmero en el centro de la capital:... Read more &raquo;\" \/>\n<meta property=\"og:url\" content=\"https:\/\/www.helzear.com\/es\/una-historia\/\" \/>\n<meta property=\"og:site_name\" content=\"Helzear\" \/>\n<meta property=\"article:modified_time\" content=\"2017-06-28T09:34:41+00:00\" \/>\n<meta name=\"twitter:card\" content=\"summary_large_image\" \/>\n<meta name=\"twitter:label1\" content=\"Tiempo de lectura\" \/>\n\t<meta name=\"twitter:data1\" content=\"1 minuto\" \/>\n<script type=\"application\/ld+json\" class=\"yoast-schema-graph\">{\"@context\":\"https:\\\/\\\/schema.org\",\"@graph\":[{\"@type\":\"WebPage\",\"@id\":\"https:\\\/\\\/www.helzear.com\\\/es\\\/una-historia\\\/\",\"url\":\"https:\\\/\\\/www.helzear.com\\\/es\\\/una-historia\\\/\",\"name\":\"Una historia - Helzear\",\"isPartOf\":{\"@id\":\"https:\\\/\\\/www.helzear.com\\\/es\\\/#website\"},\"primaryImageOfPage\":{\"@id\":\"https:\\\/\\\/www.helzear.com\\\/es\\\/una-historia\\\/#primaryimage\"},\"image\":{\"@id\":\"https:\\\/\\\/www.helzear.com\\\/es\\\/una-historia\\\/#primaryimage\"},\"thumbnailUrl\":\"https:\\\/\\\/www.helzear.com\\\/wp-content\\\/uploads\\\/2017\\\/05\\\/MARCEAU-terrasse-33.jpg\",\"datePublished\":\"2017-06-27T07:25:44+00:00\",\"dateModified\":\"2017-06-28T09:34:41+00:00\",\"breadcrumb\":{\"@id\":\"https:\\\/\\\/www.helzear.com\\\/es\\\/una-historia\\\/#breadcrumb\"},\"inLanguage\":\"es\",\"potentialAction\":[{\"@type\":\"ReadAction\",\"target\":[\"https:\\\/\\\/www.helzear.com\\\/es\\\/una-historia\\\/\"]}]},{\"@type\":\"ImageObject\",\"inLanguage\":\"es\",\"@id\":\"https:\\\/\\\/www.helzear.com\\\/es\\\/una-historia\\\/#primaryimage\",\"url\":\"https:\\\/\\\/www.helzear.com\\\/wp-content\\\/uploads\\\/2017\\\/05\\\/MARCEAU-terrasse-33.jpg\",\"contentUrl\":\"https:\\\/\\\/www.helzear.com\\\/wp-content\\\/uploads\\\/2017\\\/05\\\/MARCEAU-terrasse-33.jpg\",\"width\":3902,\"height\":4660},{\"@type\":\"BreadcrumbList\",\"@id\":\"https:\\\/\\\/www.helzear.com\\\/es\\\/una-historia\\\/#breadcrumb\",\"itemListElement\":[{\"@type\":\"ListItem\",\"position\":1,\"name\":\"Home\",\"item\":\"https:\\\/\\\/www.helzear.com\\\/es\\\/\"},{\"@type\":\"ListItem\",\"position\":2,\"name\":\"Una historia\"}]},{\"@type\":\"WebSite\",\"@id\":\"https:\\\/\\\/www.helzear.com\\\/es\\\/#website\",\"url\":\"https:\\\/\\\/www.helzear.com\\\/es\\\/\",\"name\":\"Helzear\",\"description\":\"Suites &amp; hotels\",\"potentialAction\":[{\"@type\":\"SearchAction\",\"target\":{\"@type\":\"EntryPoint\",\"urlTemplate\":\"https:\\\/\\\/www.helzear.com\\\/es\\\/?s={search_term_string}\"},\"query-input\":{\"@type\":\"PropertyValueSpecification\",\"valueRequired\":true,\"valueName\":\"search_term_string\"}}],\"inLanguage\":\"es\"}]}<\/script>\n<!-- \/ Yoast SEO plugin. -->","yoast_head_json":{"title":"Una historia - Helzear","robots":{"index":"index","follow":"follow","max-snippet":"max-snippet:-1","max-image-preview":"max-image-preview:large","max-video-preview":"max-video-preview:-1"},"canonical":"https:\/\/www.helzear.com\/es\/una-historia\/","og_locale":"es_ES","og_type":"article","og_title":"Una historia - Helzear","og_description":"Una historia Fue en 2008 cuando comenz\u00f3 la aventura Helzear. Timoth\u00e9e de Courcy funda la Casa Helzear e inventa una hosteler\u00eda de un nuevo g\u00e9nero: una oferta \u00fanica que asocia los servicios de un gran hotel y la posibilidad de vivir en un apartamento de car\u00e1cter, decorado con esmero en el centro de la capital:... Read more &raquo;","og_url":"https:\/\/www.helzear.com\/es\/una-historia\/","og_site_name":"Helzear","article_modified_time":"2017-06-28T09:34:41+00:00","twitter_card":"summary_large_image","twitter_misc":{"Tiempo de lectura":"1 minuto"},"schema":{"@context":"https:\/\/schema.org","@graph":[{"@type":"WebPage","@id":"https:\/\/www.helzear.com\/es\/una-historia\/","url":"https:\/\/www.helzear.com\/es\/una-historia\/","name":"Una historia - Helzear","isPartOf":{"@id":"https:\/\/www.helzear.com\/es\/#website"},"primaryImageOfPage":{"@id":"https:\/\/www.helzear.com\/es\/una-historia\/#primaryimage"},"image":{"@id":"https:\/\/www.helzear.com\/es\/una-historia\/#primaryimage"},"thumbnailUrl":"https:\/\/www.helzear.com\/wp-content\/uploads\/2017\/05\/MARCEAU-terrasse-33.jpg","datePublished":"2017-06-27T07:25:44+00:00","dateModified":"2017-06-28T09:34:41+00:00","breadcrumb":{"@id":"https:\/\/www.helzear.com\/es\/una-historia\/#breadcrumb"},"inLanguage":"es","potentialAction":[{"@type":"ReadAction","target":["https:\/\/www.helzear.com\/es\/una-historia\/"]}]},{"@type":"ImageObject","inLanguage":"es","@id":"https:\/\/www.helzear.com\/es\/una-historia\/#primaryimage","url":"https:\/\/www.helzear.com\/wp-content\/uploads\/2017\/05\/MARCEAU-terrasse-33.jpg","contentUrl":"https:\/\/www.helzear.com\/wp-content\/uploads\/2017\/05\/MARCEAU-terrasse-33.jpg","width":3902,"height":4660},{"@type":"BreadcrumbList","@id":"https:\/\/www.helzear.com\/es\/una-historia\/#breadcrumb","itemListElement":[{"@type":"ListItem","position":1,"name":"Home","item":"https:\/\/www.helzear.com\/es\/"},{"@type":"ListItem","position":2,"name":"Una historia"}]},{"@type":"WebSite","@id":"https:\/\/www.helzear.com\/es\/#website","url":"https:\/\/www.helzear.com\/es\/","name":"Helzear","description":"Suites &amp; hotels","potentialAction":[{"@type":"SearchAction","target":{"@type":"EntryPoint","urlTemplate":"https:\/\/www.helzear.com\/es\/?s={search_term_string}"},"query-input":{"@type":"PropertyValueSpecification","valueRequired":true,"valueName":"search_term_string"}}],"inLanguage":"es"}]}},"_links":{"self":[{"href":"https:\/\/www.helzear.com\/es\/wp-json\/wp\/v2\/pages\/193","targetHints":{"allow":["GET"]}}],"collection":[{"href":"https:\/\/www.helzear.com\/es\/wp-json\/wp\/v2\/pages"}],"about":[{"href":"https:\/\/www.helzear.com\/es\/wp-json\/wp\/v2\/types\/page"}],"author":[{"embeddable":true,"href":"https:\/\/www.helzear.com\/es\/wp-json\/wp\/v2\/users\/1"}],"replies":[{"embeddable":true,"href":"https:\/\/www.helzear.com\/es\/wp-json\/wp\/v2\/comments?post=193"}],"version-history":[{"count":0,"href":"https:\/\/www.helzear.com\/es\/wp-json\/wp\/v2\/pages\/193\/revisions"}],"wp:featuredmedia":[{"embeddable":true,"href":"https:\/\/www.helzear.com\/es\/wp-json\/wp\/v2\/media\/925"}],"wp:attachment":[{"href":"https:\/\/www.helzear.com\/es\/wp-json\/wp\/v2\/media?parent=193"}],"curies":[{"name":"wp","href":"https:\/\/api.w.org\/{rel}","templated":true}]}}